{"id":6774,"date":"2023-08-29T22:12:41","date_gmt":"2023-08-29T22:12:41","guid":{"rendered":"https:\/\/agnav.pe\/wpEN12\/?page_id=6774"},"modified":"2024-09-19T21:25:00","modified_gmt":"2024-09-19T21:25:00","slug":"importacion-y-comercio","status":"publish","type":"page","link":"https:\/\/agnav.pe\/wpEN12\/en\/importacion-y-comercio\/","title":{"rendered":"Importaci\u00f3n y Comercio Antiguo"},"content":{"rendered":"\t\t<div data-elementor-type=\"wp-page\" data-elementor-id=\"6774\" class=\"elementor elementor-6774\">\n\t\t\t\t\t\t<section class=\"elementor-section elementor-top-section elementor-element elementor-element-3c79b69 elementor-section-full_width elementor-section-height-default elementor-section-height-default\" data-id=\"3c79b69\" data-element_type=\"section\">\n\t\t\t\t\t\t<div class=\"elementor-container elementor-column-gap-no\">\n\t\t\t\t\t<div class=\"elementor-column elementor-col-100 elementor-top-column elementor-element elementor-element-33fe11b\" data-id=\"33fe11b\" data-element_type=\"column\">\n\t\t\t<div class=\"elementor-widget-wrap elementor-element-populated\">\n\t\t\t\t\t\t<div class=\"elementor-element elementor-element-ee8c2d9 elementor--h-position-center elementor--v-position-middle elementor-arrows-position-inside elementor-pagination-position-inside elementor-widget elementor-widget-slides\" data-id=\"ee8c2d9\" data-element_type=\"widget\" data-settings=\"{&quot;navigation&quot;:&quot;both&quot;,&quot;autoplay&quot;:&quot;yes&quot;,&quot;pause_on_hover&quot;:&quot;yes&quot;,&quot;pause_on_interaction&quot;:&quot;yes&quot;,&quot;autoplay_speed&quot;:5000,&quot;infinite&quot;:&quot;yes&quot;,&quot;transition&quot;:&quot;slide&quot;,&quot;transition_speed&quot;:500}\" data-widget_type=\"slides.default\">\n\t\t\t\t<div class=\"elementor-widget-container\">\n\t\t\t\t\t<div class=\"elementor-swiper\">\n\t\t\t<div class=\"elementor-slides-wrapper elementor-main-swiper swiper\" dir=\"ltr\" data-animation=\"fadeInUp\">\n\t\t\t\t<div class=\"swiper-wrapper elementor-slides\">\n\t\t\t\t\t\t\t\t\t\t<div class=\"elementor-repeater-item-a9b710d swiper-slide\"><div class=\"swiper-slide-bg\"><\/div><div class=\"elementor-background-overlay\"><\/div><div class=\"swiper-slide-inner\" ><div class=\"swiper-slide-contents\"><div class=\"elementor-slide-heading\">Importaci\u00f3n y comercializaci\u00f3n<\/div><div class=\"elementor-slide-description\">Contamos con un valioso aporte de Shougang International Trade & Engineering Corporation<\/div><\/div><\/div><\/div><div class=\"elementor-repeater-item-9269881 swiper-slide\"><div class=\"swiper-slide-bg\"><\/div><div class=\"elementor-background-overlay\"><\/div><div class=\"swiper-slide-inner\" ><div class=\"swiper-slide-contents\"><div class=\"elementor-slide-heading\">Importaci\u00f3n y comercializaci\u00f3n<\/div><div class=\"elementor-slide-description\">Contamos con un valioso aporte de Shougang International Trade & Engineering Corporation<\/div><\/div><\/div><\/div>\t\t\t\t<\/div>\n\t\t\t\t\t\t\t\t\t\t\t\t\t\t\t<div class=\"swiper-pagination\"><\/div>\n\t\t\t\t\t\t\t\t\t\t\t\t\t\t\t\t<div class=\"elementor-swiper-button elementor-swiper-button-prev\">\n\t\t\t\t\t\t\t<i aria-hidden=\"true\" class=\"eicon-chevron-left\"><\/i>\t\t\t\t\t\t\t<span class=\"elementor-screen-only\">Previous<\/span>\n\t\t\t\t\t\t<\/div>\n\t\t\t\t\t\t<div class=\"elementor-swiper-button elementor-swiper-button-next\">\n\t\t\t\t\t\t\t<i aria-hidden=\"true\" class=\"eicon-chevron-right\"><\/i>\t\t\t\t\t\t\t<span class=\"elementor-screen-only\">Next<\/span>\n\t\t\t\t\t\t<\/div>\n\t\t\t\t\t\t\t\t\t\t\t\t<\/div>\n\t\t<\/div>\n\t\t\t\t<\/div>\n\t\t\t\t<\/div>\n\t\t\t\t\t<\/div>\n\t\t<\/div>\n\t\t\t\t\t<\/div>\n\t\t<\/section>\n\t\t\t\t<section class=\"elementor-section elementor-top-section elementor-element elementor-element-086bf43 elementor-section-boxed elementor-section-height-default elementor-section-height-default\" data-id=\"086bf43\" data-element_type=\"section\">\n\t\t\t\t\t\t<div class=\"elementor-container elementor-column-gap-default\">\n\t\t\t\t\t<div class=\"elementor-column elementor-col-100 elementor-top-column elementor-element elementor-element-19ecc31\" data-id=\"19ecc31\" data-element_type=\"column\">\n\t\t\t<div class=\"elementor-widget-wrap elementor-element-populated\">\n\t\t\t\t\t\t<div class=\"elementor-element elementor-element-21affe9 elementor-widget elementor-widget-heading\" data-id=\"21affe9\" data-element_type=\"widget\" data-widget_type=\"heading.default\">\n\t\t\t\t<div class=\"elementor-widget-container\">\n\t\t\t<h2 class=\"elementor-heading-title elementor-size-default\">Importaci\u00f3n de xantato<\/h2>\t\t<\/div>\n\t\t\t\t<\/div>\n\t\t\t\t\t<\/div>\n\t\t<\/div>\n\t\t\t\t\t<\/div>\n\t\t<\/section>\n\t\t\t\t<section class=\"elementor-section elementor-top-section elementor-element elementor-element-14fae00 elementor-section-boxed elementor-section-height-default elementor-section-height-default\" data-id=\"14fae00\" data-element_type=\"section\">\n\t\t\t\t\t\t<div class=\"elementor-container elementor-column-gap-default\">\n\t\t\t\t\t<div class=\"elementor-column elementor-col-50 elementor-top-column elementor-element elementor-element-731045f\" data-id=\"731045f\" data-element_type=\"column\">\n\t\t\t<div class=\"elementor-widget-wrap elementor-element-populated\">\n\t\t\t\t\t\t<div class=\"elementor-element elementor-element-fda14ec elementor-widget elementor-widget-heading\" data-id=\"fda14ec\" data-element_type=\"widget\" data-widget_type=\"heading.default\">\n\t\t\t\t<div class=\"elementor-widget-container\">\n\t\t\t<h2 class=\"elementor-heading-title elementor-size-default\">En 1998 se iniciaron nuestras operaciones de Comercio Exterior, realizando actividades de importaci\u00f3n y exportaci\u00f3n de productos varios. Los \u00faltimos 05 a\u00f1os hemos importado 6,698 TM de xantato am\u00edlico de potasio de China a Per\u00fa siendo este un compuesto qu\u00edmico utilizado principalmente en la industria minera.<\/h2>\t\t<\/div>\n\t\t\t\t<\/div>\n\t\t\t\t\t<\/div>\n\t\t<\/div>\n\t\t\t\t<div class=\"elementor-column elementor-col-50 elementor-top-column elementor-element elementor-element-ea688a9\" data-id=\"ea688a9\" data-element_type=\"column\">\n\t\t\t<div class=\"elementor-widget-wrap elementor-element-populated\">\n\t\t\t\t\t\t<div class=\"elementor-element elementor-element-72d7576 elementor-widget elementor-widget-image\" data-id=\"72d7576\" data-element_type=\"widget\" data-widget_type=\"image.default\">\n\t\t\t\t<div class=\"elementor-widget-container\">\n\t\t\t\t\t\t\t\t\t\t\t\t\t<img fetchpriority=\"high\" decoding=\"async\" width=\"354\" height=\"229\" src=\"https:\/\/agnav.pe\/wpEN12\/wp-content\/uploads\/2024\/09\/CAJONES-DE-XANTATO-EN-ALMACEN-e1726518227930.jpeg\" class=\"attachment-full size-full wp-image-7756\" alt=\"\" \/>\t\t\t\t\t\t\t\t\t\t\t\t\t<\/div>\n\t\t\t\t<\/div>\n\t\t\t\t<div class=\"elementor-element elementor-element-2ff9022 elementor-widget elementor-widget-text-editor\" data-id=\"2ff9022\" data-element_type=\"widget\" data-widget_type=\"text-editor.default\">\n\t\t\t\t<div class=\"elementor-widget-container\">\n\t\t\t\t\t\t\t<p style=\"text-align: center;\"><strong>Cajas de Xantato Am\u00edlico de Potasio en Almac\u00e9n de Marcona.<\/strong><\/p>\t\t\t\t\t\t<\/div>\n\t\t\t\t<\/div>\n\t\t\t\t\t<\/div>\n\t\t<\/div>\n\t\t\t\t\t<\/div>\n\t\t<\/section>\n\t\t\t\t<section class=\"elementor-section elementor-top-section elementor-element elementor-element-cbae560 elementor-section-boxed elementor-section-height-default elementor-section-height-default\" data-id=\"cbae560\" data-element_type=\"section\">\n\t\t\t\t\t\t<div class=\"elementor-container elementor-column-gap-default\">\n\t\t\t\t\t<div class=\"elementor-column elementor-col-100 elementor-top-column elementor-element elementor-element-3729585\" data-id=\"3729585\" data-element_type=\"column\">\n\t\t\t<div class=\"elementor-widget-wrap elementor-element-populated\">\n\t\t\t\t\t\t<div class=\"elementor-element elementor-element-b99ffec elementor-widget elementor-widget-heading\" data-id=\"b99ffec\" data-element_type=\"widget\" data-widget_type=\"heading.default\">\n\t\t\t\t<div class=\"elementor-widget-container\">\n\t\t\t<h2 class=\"elementor-heading-title elementor-size-default\">Importacion de licores chinos<\/h2>\t\t<\/div>\n\t\t\t\t<\/div>\n\t\t\t\t<div class=\"elementor-element elementor-element-59eca4b elementor-widget elementor-widget-text-editor\" data-id=\"59eca4b\" data-element_type=\"widget\" data-widget_type=\"text-editor.default\">\n\t\t\t\t<div class=\"elementor-widget-container\">\n\t\t\t\t\t\t\t<p>Somos importadores de una selecta gama de licores chinos y vinos. Los \u00faltimos 5 a\u00f1os hemos importado alrededor de 3,150.00 cajas entre licores chinos y cajas de vinos.\u00a0<\/p>\t\t\t\t\t\t<\/div>\n\t\t\t\t<\/div>\n\t\t\t\t<div class=\"elementor-element elementor-element-a49a9bc gallery-spacing-custom animated-slow elementor-invisible elementor-widget elementor-widget-image-gallery\" data-id=\"a49a9bc\" data-element_type=\"widget\" data-settings=\"{&quot;motion_fx_motion_fx_scrolling&quot;:&quot;yes&quot;,&quot;_animation&quot;:&quot;fadeInRight&quot;,&quot;motion_fx_devices&quot;:[&quot;desktop&quot;,&quot;tablet&quot;,&quot;mobile&quot;]}\" data-widget_type=\"image-gallery.default\">\n\t\t\t\t<div class=\"elementor-widget-container\">\n\t\t\t\t\t<div class=\"elementor-image-gallery\">\n\t\t\t<div id='gallery-1' class='gallery galleryid-6774 gallery-columns-3 gallery-size-1536x1536'><figure class='gallery-item'>\n\t\t\t<div class='gallery-icon portrait'>\n\t\t\t\t<a data-elementor-open-lightbox=\"yes\" data-elementor-lightbox-slideshow=\"a49a9bc\" data-elementor-lightbox-title=\"imagen01\" data-e-action-hash=\"#elementor-action%3Aaction%3Dlightbox%26settings%3DeyJpZCI6ODI4MCwidXJsIjoiaHR0cHM6XC9cL2FnbmF2LnBlXC93cEVOMTJcL3dwLWNvbnRlbnRcL3VwbG9hZHNcLzIwMjRcLzA5XC9pbWFnZW4wMS5wbmciLCJzbGlkZXNob3ciOiJhNDlhOWJjIn0%3D\" href='https:\/\/agnav.pe\/wpEN12\/wp-content\/uploads\/2024\/09\/imagen01.png'><img decoding=\"async\" width=\"315\" height=\"358\" src=\"https:\/\/agnav.pe\/wpEN12\/wp-content\/uploads\/2024\/09\/imagen01.png\" class=\"attachment-1536x1536 size-1536x1536\" alt=\"\" \/><\/a>\n\t\t\t<\/div><\/figure><figure class='gallery-item'>\n\t\t\t<div class='gallery-icon portrait'>\n\t\t\t\t<a data-elementor-open-lightbox=\"yes\" data-elementor-lightbox-slideshow=\"a49a9bc\" data-elementor-lightbox-title=\"imagen02\" data-e-action-hash=\"#elementor-action%3Aaction%3Dlightbox%26settings%3DeyJpZCI6ODI4OSwidXJsIjoiaHR0cHM6XC9cL2FnbmF2LnBlXC93cEVOMTJcL3dwLWNvbnRlbnRcL3VwbG9hZHNcLzIwMjRcLzA5XC9pbWFnZW4wMi5wbmciLCJzbGlkZXNob3ciOiJhNDlhOWJjIn0%3D\" href='https:\/\/agnav.pe\/wpEN12\/wp-content\/uploads\/2024\/09\/imagen02.png'><img decoding=\"async\" width=\"297\" height=\"323\" src=\"https:\/\/agnav.pe\/wpEN12\/wp-content\/uploads\/2024\/09\/imagen02.png\" class=\"attachment-1536x1536 size-1536x1536\" alt=\"\" \/><\/a>\n\t\t\t<\/div><\/figure><figure class='gallery-item'>\n\t\t\t<div class='gallery-icon portrait'>\n\t\t\t\t<a data-elementor-open-lightbox=\"yes\" data-elementor-lightbox-slideshow=\"a49a9bc\" data-elementor-lightbox-title=\"imagen03\" data-e-action-hash=\"#elementor-action%3Aaction%3Dlightbox%26settings%3DeyJpZCI6ODI5MCwidXJsIjoiaHR0cHM6XC9cL2FnbmF2LnBlXC93cEVOMTJcL3dwLWNvbnRlbnRcL3VwbG9hZHNcLzIwMjRcLzA5XC9pbWFnZW4wMy5wbmciLCJzbGlkZXNob3ciOiJhNDlhOWJjIn0%3D\" href='https:\/\/agnav.pe\/wpEN12\/wp-content\/uploads\/2024\/09\/imagen03.png'><img loading=\"lazy\" decoding=\"async\" width=\"283\" height=\"324\" src=\"https:\/\/agnav.pe\/wpEN12\/wp-content\/uploads\/2024\/09\/imagen03.png\" class=\"attachment-1536x1536 size-1536x1536\" alt=\"\" \/><\/a>\n\t\t\t<\/div><\/figure>\n\t\t<\/div>\n\t\t<\/div>\n\t\t\t\t<\/div>\n\t\t\t\t<\/div>\n\t\t\t\t\t<\/div>\n\t\t<\/div>\n\t\t\t\t\t<\/div>\n\t\t<\/section>\n\t\t\t\t<section class=\"elementor-section elementor-top-section elementor-element elementor-element-1218188 elementor-section-boxed elementor-section-height-default elementor-section-height-default\" data-id=\"1218188\" data-element_type=\"section\">\n\t\t\t\t\t\t<div class=\"elementor-container elementor-column-gap-default\">\n\t\t\t\t\t<div class=\"elementor-column elementor-col-100 elementor-top-column elementor-element elementor-element-4829760\" data-id=\"4829760\" data-element_type=\"column\">\n\t\t\t<div class=\"elementor-widget-wrap elementor-element-populated\">\n\t\t\t\t\t\t<div class=\"elementor-element elementor-element-8b706ed gallery-spacing-custom animated-slow elementor-invisible elementor-widget elementor-widget-image-gallery\" data-id=\"8b706ed\" data-element_type=\"widget\" data-settings=\"{&quot;motion_fx_motion_fx_scrolling&quot;:&quot;yes&quot;,&quot;_animation&quot;:&quot;fadeInRight&quot;,&quot;motion_fx_devices&quot;:[&quot;desktop&quot;,&quot;tablet&quot;,&quot;mobile&quot;]}\" data-widget_type=\"image-gallery.default\">\n\t\t\t\t<div class=\"elementor-widget-container\">\n\t\t\t\t\t<div class=\"elementor-image-gallery\">\n\t\t\t<div id='gallery-2' class='gallery galleryid-6774 gallery-columns-3 gallery-size-1536x1536'><figure class='gallery-item'>\n\t\t\t<div class='gallery-icon portrait'>\n\t\t\t\t<img loading=\"lazy\" decoding=\"async\" width=\"265\" height=\"328\" src=\"https:\/\/agnav.pe\/wpEN12\/wp-content\/uploads\/2024\/09\/Marques-de-casa.png\" class=\"attachment-1536x1536 size-1536x1536\" alt=\"\" \/>\n\t\t\t<\/div><\/figure><figure class='gallery-item'>\n\t\t\t<div class='gallery-icon portrait'>\n\t\t\t\t<img loading=\"lazy\" decoding=\"async\" width=\"258\" height=\"330\" src=\"https:\/\/agnav.pe\/wpEN12\/wp-content\/uploads\/2024\/09\/cantena-1.png\" class=\"attachment-1536x1536 size-1536x1536\" alt=\"\" \/>\n\t\t\t<\/div><\/figure><figure class='gallery-item'>\n\t\t\t<div class='gallery-icon portrait'>\n\t\t\t\t<img loading=\"lazy\" decoding=\"async\" width=\"268\" height=\"318\" src=\"https:\/\/agnav.pe\/wpEN12\/wp-content\/uploads\/2024\/09\/36-1.png\" class=\"attachment-1536x1536 size-1536x1536\" alt=\"\" \/>\n\t\t\t<\/div><\/figure>\n\t\t<\/div>\n\t\t<\/div>\n\t\t\t\t<\/div>\n\t\t\t\t<\/div>\n\t\t\t\t<div class=\"elementor-element elementor-element-dee993b elementor-widget-divider--view-line elementor-widget elementor-widget-divider\" data-id=\"dee993b\" data-element_type=\"widget\" data-widget_type=\"divider.default\">\n\t\t\t\t<div class=\"elementor-widget-container\">\n\t\t\t\t\t<div class=\"elementor-divider\">\n\t\t\t<span class=\"elementor-divider-separator\">\n\t\t\t\t\t\t<\/span>\n\t\t<\/div>\n\t\t\t\t<\/div>\n\t\t\t\t<\/div>\n\t\t\t\t<div class=\"elementor-element elementor-element-fbf3525 elementor-widget elementor-widget-heading\" data-id=\"fbf3525\" data-element_type=\"widget\" data-widget_type=\"heading.default\">\n\t\t\t\t<div class=\"elementor-widget-container\">\n\t\t\t<h2 class=\"elementor-heading-title elementor-size-default\">Servicio de gesti\u00f3n de importaci\u00f3n<\/h2>\t\t<\/div>\n\t\t\t\t<\/div>\n\t\t\t\t<div class=\"elementor-element elementor-element-165003b elementor-widget elementor-widget-text-editor\" data-id=\"165003b\" data-element_type=\"widget\" data-widget_type=\"text-editor.default\">\n\t\t\t\t<div class=\"elementor-widget-container\">\n\t\t\t\t\t\t\t<p>En Consorcio Empresarial Agnav transformamos la complejidad de la importaci\u00f3n en un proceso fluido y eficiente. Nuestro servicio de gesti\u00f3n de importaci\u00f3n est\u00e1 dise\u00f1ado para empresas que buscan expandir sus horizontes y traer productos de calidad desde cualquier rinc\u00f3n del mundo.&nbsp;<\/p>\t\t\t\t\t\t<\/div>\n\t\t\t\t<\/div>\n\t\t\t\t<div class=\"elementor-element elementor-element-7b980dc elementor-widget elementor-widget-image\" data-id=\"7b980dc\" data-element_type=\"widget\" data-widget_type=\"image.default\">\n\t\t\t\t<div class=\"elementor-widget-container\">\n\t\t\t\t\t\t\t\t\t\t\t\t\t<img loading=\"lazy\" decoding=\"async\" width=\"300\" height=\"200\" src=\"https:\/\/agnav.pe\/wpEN12\/wp-content\/uploads\/2024\/09\/seevico-300x200.jpg\" class=\"attachment-medium size-medium wp-image-8101\" alt=\"\" \/>\t\t\t\t\t\t\t\t\t\t\t\t\t<\/div>\n\t\t\t\t<\/div>\n\t\t\t\t\t<\/div>\n\t\t<\/div>\n\t\t\t\t\t<\/div>\n\t\t<\/section>\n\t\t\t\t<\/div>\n\t\t","protected":false},"excerpt":{"rendered":"<p>Importaci\u00f3n y comercializaci\u00f3nContamos con un valioso aporte de Shougang International Trade &amp; Engineering CorporationImportaci\u00f3n y comercializaci\u00f3nContamos con un valioso aporte de Shougang International Trade &amp; Engineering Corporation Previous Next Importaci\u00f3n de xantato En 1998 se iniciaron nuestras operaciones de Comercio Exterior, realizando actividades de importaci\u00f3n y exportaci\u00f3n de productos varios. Los \u00faltimos 05 a\u00f1os hemos &hellip;<\/p>\n<p class=\"read-more\"> <a class=\"\" href=\"https:\/\/agnav.pe\/wpEN12\/en\/importacion-y-comercio\/\"> <span class=\"screen-reader-text\">Importaci\u00f3n y Comercio Antiguo<\/span> Read More &raquo;<\/a><\/p>\n","protected":false},"author":3,"featured_media":0,"parent":0,"menu_order":0,"comment_status":"closed","ping_status":"closed","template":"elementor_header_footer","meta":{"site-sidebar-layout":"no-sidebar","site-content-layout":"page-builder","ast-global-header-display":"","ast-main-header-display":"","ast-hfb-above-header-display":"","ast-hfb-below-header-display":"","ast-hfb-mobile-header-display":"","site-post-title":"disabled","ast-breadcrumbs-content":"","ast-featured-img":"disabled","footer-sml-layout":"","theme-transparent-header-meta":"default","adv-header-id-meta":"","stick-header-meta":"","header-above-stick-meta":"","header-main-stick-meta":"","header-below-stick-meta":"","footnotes":""},"class_list":["post-6774","page","type-page","status-publish","hentry"],"rttpg_featured_image_url":null,"rttpg_author":{"display_name":"AGNAV","author_link":"https:\/\/agnav.pe\/wpEN12\/en\/author\/dacsaraya\/"},"rttpg_comment":0,"rttpg_category":null,"rttpg_excerpt":"Importaci\u00f3n y comercializaci\u00f3nContamos con un valioso aporte de Shougang International Trade &amp; Engineering CorporationImportaci\u00f3n y comercializaci\u00f3nContamos con un valioso aporte de Shougang International Trade &amp; Engineering Corporation Previous Next Importaci\u00f3n de xantato En 1998 se iniciaron nuestras operaciones de Comercio Exterior, realizando actividades de importaci\u00f3n y exportaci\u00f3n de productos varios. Los \u00faltimos 05 a\u00f1os hemos&hellip;","_links":{"self":[{"href":"https:\/\/agnav.pe\/wpEN12\/en\/wp-json\/wp\/v2\/pages\/6774","targetHints":{"allow":["GET"]}}],"collection":[{"href":"https:\/\/agnav.pe\/wpEN12\/en\/wp-json\/wp\/v2\/pages"}],"about":[{"href":"https:\/\/agnav.pe\/wpEN12\/en\/wp-json\/wp\/v2\/types\/page"}],"author":[{"embeddable":true,"href":"https:\/\/agnav.pe\/wpEN12\/en\/wp-json\/wp\/v2\/users\/3"}],"replies":[{"embeddable":true,"href":"https:\/\/agnav.pe\/wpEN12\/en\/wp-json\/wp\/v2\/comments?post=6774"}],"version-history":[{"count":215,"href":"https:\/\/agnav.pe\/wpEN12\/en\/wp-json\/wp\/v2\/pages\/6774\/revisions"}],"predecessor-version":[{"id":8540,"href":"https:\/\/agnav.pe\/wpEN12\/en\/wp-json\/wp\/v2\/pages\/6774\/revisions\/8540"}],"wp:attachment":[{"href":"https:\/\/agnav.pe\/wpEN12\/en\/wp-json\/wp\/v2\/media?parent=6774"}],"curies":[{"name":"wp","href":"https:\/\/api.w.org\/{rel}","templated":true}]}}